{"id":36,"date":"2024-12-10T14:15:18","date_gmt":"2024-12-10T13:15:18","guid":{"rendered":"https:\/\/yellow-monkeys.fr\/?page_id=36"},"modified":"2025-12-15T15:59:13","modified_gmt":"2025-12-15T14:59:13","slug":"evenementiel","status":"publish","type":"page","link":"https:\/\/yellow-monkeys.fr\/index.php\/evenementiel\/","title":{"rendered":"NOS \u00c9V\u00c8NEMENTS"},"content":{"rendered":"\n[et_pb_section fb_built=&#8221;1&#8243; admin_label=&#8221;Header&#8221; _builder_version=&#8221;4.27.4&#8243; _module_preset=&#8221;default&#8221; background_color=&#8221;gcid-3d77f18a-71d5-4051-b3de-cc8639fa0c6d&#8221; background_enable_image=&#8221;off&#8221; custom_padding=&#8221;0px||2px|||&#8221; locked=&#8221;off&#8221; collapsed=&#8221;on&#8221; global_colors_info=&#8221;{%22gcid-3d77f18a-71d5-4051-b3de-cc8639fa0c6d%22:%91%22background_color%22%93}&#8221;][et_pb_row _builder_version=&#8221;4.23.1&#8243; _module_preset=&#8221;default&#8221; max_width=&#8221;none&#8221; min_height=&#8221;253.8px&#8221; custom_padding=&#8221;||39px|||&#8221; locked=&#8221;off&#8221; global_colors_info=&#8221;{}&#8221;][et_pb_column type=&#8221;4_4&#8243; _builder_version=&#8221;4.23.1&#8243; _module_preset=&#8221;default&#8221; global_colors_info=&#8221;{}&#8221;][et_pb_text _builder_version=&#8221;4.27.4&#8243; _module_preset=&#8221;c68b4b0c-c151-4d3f-a93c-f1822a588fdb&#8221; text_font=&#8221;Bebas Neue||||||||&#8221; text_font_size=&#8221;12px&#8221; text_letter_spacing=&#8221;8px&#8221; text_line_height=&#8221;1.8em&#8221; header_font=&#8221;Lexend Deca||||||||&#8221; header_text_color=&#8221;#FFFFFF&#8221; header_font_size=&#8221;8vw&#8221; text_orientation=&#8221;center&#8221; custom_margin=&#8221;||10px||false|false&#8221; header_font_size_tablet=&#8221;5vw&#8221; header_font_size_phone=&#8221;5vw&#8221; header_font_size_last_edited=&#8221;off|phone&#8221; inline_fonts=&#8221;Bebas Neue&#8221; global_colors_info=&#8221;{}&#8221;]<h1><span style=\"color: #000000; font-family: 'Bebas Neue';\">NOS \u00e9v\u00e8nements<\/span><\/h1>[\/et_pb_text][et_pb_text _builder_version=&#8221;4.27.4&#8243; _module_preset=&#8221;b8c69a1d-4a42-409c-96d0-e8bcf32a4af0&#8243; text_text_color=&#8221;rgba(255,255,255,0.7)&#8221; text_orientation=&#8221;center&#8221; max_width=&#8221;1039px&#8221; module_alignment=&#8221;center&#8221; global_colors_info=&#8221;{}&#8221;]<p style=\"text-align: center;\"><span style=\"color: rgba(0, 0, 0, 0.7);\">Yellow Monkeys imagine et cr\u00e9e des \u00e9v\u00e9nements uniques tout au long de l\u2019ann\u00e9e.\u00a0 Chaque projet est con\u00e7u pour marquer les esprits et offrir des moments inoubliables. Avec une \u00e9quipe passionn\u00e9e, chaque \u00e9v\u00e9nement devient une v\u00e9ritable signature.<\/span><\/p>[\/et_pb_text][\/et_pb_column][\/et_pb_row][\/et_pb_section][et_pb_section fb_built=&#8221;1&#8243; admin_label=&#8221;Popular Recipes&#8221; _builder_version=&#8221;4.23.1&#8243; _module_preset=&#8221;default&#8221; locked=&#8221;off&#8221; collapsed=&#8221;on&#8221; global_colors_info=&#8221;{}&#8221;][et_pb_row column_structure=&#8221;1_3,1_3,1_3&#8243; _builder_version=&#8221;4.23.1&#8243; _module_preset=&#8221;default&#8221; locked=&#8221;off&#8221; global_colors_info=&#8221;{}&#8221;][et_pb_column type=&#8221;1_3&#8243; _builder_version=&#8221;4.23.1&#8243; _module_preset=&#8221;default&#8221; global_colors_info=&#8221;{}&#8221;][et_pb_image src=&#8221;https:\/\/yellow-monkeys.fr\/wp-content\/uploads\/2024\/12\/RUN-YOUR-TOWN1.jpg&#8221; title_text=&#8221;RUN YOUR TOWN1&#8243; _builder_version=&#8221;4.27.4&#8243; _module_preset=&#8221;default&#8221; global_colors_info=&#8221;{}&#8221;][\/et_pb_image][et_pb_text _builder_version=&#8221;4.27.4&#8243; _module_preset=&#8221;5b4a540e-d08d-448c-bc83-29fc0184a191&#8243; global_colors_info=&#8221;{}&#8221;]<h5 style=\"text-align: center;\">RUN YOUR TOWN<\/h5>[\/et_pb_text][et_pb_text _builder_version=&#8221;4.23.1&#8243; _module_preset=&#8221;b8c69a1d-4a42-409c-96d0-e8bcf32a4af0&#8243; global_colors_info=&#8221;{}&#8221;]<p style=\"text-align: justify;\">La course d\u2019obstacles URBAINE la plus fun du sud de la France.<br \/>Avec plus de 4000 participants par \u00e9ditions, c&#8217;est le rendez-vous \u00e0 ne pas manquer.\u00a0\u00a0<\/p>[\/et_pb_text][et_pb_button button_url=&#8221;https:\/\/yellow-monkeys.fr\/index.php\/run-your-town\/&#8221; button_text=&#8221;DECOUVRIR&#8221; button_alignment=&#8221;center&#8221; _builder_version=&#8221;4.27.4&#8243; _module_preset=&#8221;881645d1-618b-450b-91ee-2b4b7961be21&#8243; global_colors_info=&#8221;{}&#8221;][\/et_pb_button][\/et_pb_column][et_pb_column type=&#8221;1_3&#8243; _builder_version=&#8221;4.23.1&#8243; _module_preset=&#8221;default&#8221; global_colors_info=&#8221;{}&#8221;][et_pb_image src=&#8221;https:\/\/yellow-monkeys.fr\/wp-content\/uploads\/2025\/02\/THE-CRASH-LINE-10-1920&#215;1080-1.png&#8221; title_text=&#8221;THE-CRASH-LINE-10 1920&#215;1080&#8243; _builder_version=&#8221;4.27.4&#8243; _module_preset=&#8221;default&#8221; global_colors_info=&#8221;{}&#8221;][\/et_pb_image][et_pb_text _builder_version=&#8221;4.23.1&#8243; _module_preset=&#8221;5b4a540e-d08d-448c-bc83-29fc0184a191&#8243; global_colors_info=&#8221;{}&#8221;]<h5 style=\"text-align: center;\">THE CRASH LINE<\/h5>[\/et_pb_text][et_pb_text _builder_version=&#8221;4.23.1&#8243; _module_preset=&#8221;b8c69a1d-4a42-409c-96d0-e8bcf32a4af0&#8243; min_height=&#8221;155px&#8221; custom_padding=&#8221;||0px|||&#8221; global_colors_info=&#8221;{}&#8221;]<p style=\"text-align: justify;\">300 m\u00e8tres de parcours au c\u0153ur de Salon de Provence pour une course de caisse \u00e0 savon ULTRA RAPIDE avec des obstacles en tous genres.<\/p>\n<p style=\"text-align: justify;\">\u00a0<\/p>[\/et_pb_text][et_pb_button button_url=&#8221;https:\/\/yellow-monkeys.fr\/index.php\/the-crash-line\/&#8221; button_text=&#8221;DECOUVRIR&#8221; button_alignment=&#8221;center&#8221; _builder_version=&#8221;4.27.4&#8243; _module_preset=&#8221;881645d1-618b-450b-91ee-2b4b7961be21&#8243; custom_margin=&#8221;-17px|||||&#8221; locked=&#8221;off&#8221; global_colors_info=&#8221;{}&#8221;][\/et_pb_button][\/et_pb_column][et_pb_column type=&#8221;1_3&#8243; _builder_version=&#8221;4.23.1&#8243; _module_preset=&#8221;default&#8221; global_colors_info=&#8221;{}&#8221;][et_pb_image src=&#8221;https:\/\/yellow-monkeys.fr\/wp-content\/uploads\/2025\/02\/Sans-titre-1.png&#8221; title_text=&#8221;Sans titre-1&#8243; _builder_version=&#8221;4.27.4&#8243; _module_preset=&#8221;default&#8221; global_colors_info=&#8221;{}&#8221;][\/et_pb_image][et_pb_text _builder_version=&#8221;4.27.4&#8243; _module_preset=&#8221;5b4a540e-d08d-448c-bc83-29fc0184a191&#8243; global_colors_info=&#8221;{}&#8221;]<h5>MARATHON DE SALON<\/h5>[\/et_pb_text][et_pb_text _builder_version=&#8221;4.23.1&#8243; _module_preset=&#8221;b8c69a1d-4a42-409c-96d0-e8bcf32a4af0&#8243; global_colors_info=&#8221;{}&#8221;]<p style=\"text-align: justify;\"><span>Vous<\/span><span> performerez au plus pr\u00e8s des prestigieux avions de la Patrouille de France, <\/span><span>ainsi que dans les rues les plus symboliques de <\/span><span>Salon de Provence.<\/span><\/p>[\/et_pb_text][et_pb_button button_url=&#8221;https:\/\/yellow-monkeys.fr\/index.php\/marathon-de-salon-de-provence\/&#8221; button_text=&#8221;DECOUVRIR&#8221; button_alignment=&#8221;center&#8221; _builder_version=&#8221;4.27.4&#8243; _module_preset=&#8221;881645d1-618b-450b-91ee-2b4b7961be21&#8243; custom_margin=&#8221;51px|||||&#8221; locked=&#8221;off&#8221; global_colors_info=&#8221;{}&#8221;][\/et_pb_button][\/et_pb_column][\/et_pb_row][et_pb_row column_structure=&#8221;1_3,1_3,1_3&#8243; _builder_version=&#8221;4.23.1&#8243; _module_preset=&#8221;default&#8221; hover_enabled=&#8221;0&#8243; locked=&#8221;off&#8221; global_colors_info=&#8221;{}&#8221; sticky_enabled=&#8221;0&#8243;][et_pb_column type=&#8221;1_3&#8243; _builder_version=&#8221;4.23.1&#8243; _module_preset=&#8221;default&#8221; global_colors_info=&#8221;{}&#8221;][\/et_pb_column][et_pb_column type=&#8221;1_3&#8243; _builder_version=&#8221;4.23.1&#8243; _module_preset=&#8221;default&#8221; global_colors_info=&#8221;{}&#8221;][et_pb_image src=&#8221;https:\/\/yellow-monkeys.fr\/wp-content\/uploads\/2025\/02\/STREET-FOOD-FEVER-1920&#215;10180-1.jpg&#8221; title_text=&#8221;STREET FOOD FEVER 1920&#215;10180&#8243; _builder_version=&#8221;4.27.4&#8243; _module_preset=&#8221;default&#8221; global_colors_info=&#8221;{}&#8221;][\/et_pb_image][et_pb_text _builder_version=&#8221;4.27.4&#8243; _module_preset=&#8221;5b4a540e-d08d-448c-bc83-29fc0184a191&#8243; global_colors_info=&#8221;{}&#8221;]<h5 style=\"text-align: center;\">STREET FOOD FEVER<\/h5>[\/et_pb_text][et_pb_text _builder_version=&#8221;4.23.1&#8243; _module_preset=&#8221;b8c69a1d-4a42-409c-96d0-e8bcf32a4af0&#8243; global_colors_info=&#8221;{}&#8221;]<p style=\"text-align: justify;\"><span>Le plus grand rassemblement de FOOD TRUCKS du sud de la France avec p<\/span><span>lus de 20 food trucks, du vin et de la bi\u00e8re dans une ambiance musicale 100% familiale !<\/span><\/p>[\/et_pb_text][et_pb_button button_url=&#8221;https:\/\/yellow-monkeys.fr\/index.php\/street-food-fever\/&#8221; button_text=&#8221;DECOUVRIR&#8221; button_alignment=&#8221;center&#8221; _builder_version=&#8221;4.27.4&#8243; _module_preset=&#8221;881645d1-618b-450b-91ee-2b4b7961be21&#8243; global_colors_info=&#8221;{}&#8221;][\/et_pb_button][\/et_pb_column][et_pb_column type=&#8221;1_3&#8243; _builder_version=&#8221;4.23.1&#8243; _module_preset=&#8221;default&#8221; global_colors_info=&#8221;{}&#8221;][\/et_pb_column][\/et_pb_row][\/et_pb_section]\n","protected":false},"excerpt":{"rendered":"<p>NOS \u00e9v\u00e8nementsYellow Monkeys imagine et cr\u00e9e des \u00e9v\u00e9nements uniques tout au long de l\u2019ann\u00e9e.\u00a0 Chaque projet est con\u00e7u pour marquer les esprits et offrir des moments inoubliables. Avec une \u00e9quipe passionn\u00e9e, chaque \u00e9v\u00e9nement devient une v\u00e9ritable signature.RUN YOUR TOWNLa course d\u2019obstacles URBAINE la plus fun du sud de la France.Avec plus de 4000 participants par [&hellip;]<\/p>\n","protected":false},"author":1,"featured_media":0,"parent":0,"menu_order":0,"comment_status":"closed","ping_status":"closed","template":"","meta":{"_et_pb_use_builder":"on","_et_pb_old_content":"","_et_gb_content_width":"","footnotes":""},"class_list":["post-36","page","type-page","status-publish","hentry"],"yoast_head":"<!-- This site is optimized with the Yoast SEO plugin v25.5 - https:\/\/yoast.com\/wordpress\/plugins\/seo\/ -->\n<title>Yellow Monkeys - Nos \u00e9v\u00e8nements \u00e0 Salon De Provence<\/title>\n<meta name=\"description\" content=\"D\u00e9couvrez nos \u00e9v\u00e9nements : Crash Line, Marathon de Salon, Street Food Fever, Run Your Town. Faire vibrer notre territoire toute l\u2019ann\u00e9e !\" \/>\n<meta name=\"robots\" content=\"index, follow, max-snippet:-1, max-image-preview:large, max-video-preview:-1\" \/>\n<link rel=\"canonical\" href=\"https:\/\/yellow-monkeys.fr\/index.php\/evenementiel\/\" \/>\n<meta property=\"og:locale\" content=\"en_US\" \/>\n<meta property=\"og:type\" content=\"article\" \/>\n<meta property=\"og:title\" content=\"Yellow Monkeys - Nos \u00e9v\u00e8nements \u00e0 Salon De Provence\" \/>\n<meta property=\"og:description\" content=\"D\u00e9couvrez nos \u00e9v\u00e9nements : Crash Line, Marathon de Salon, Street Food Fever, Run Your Town. Faire vibrer notre territoire toute l\u2019ann\u00e9e !\" \/>\n<meta property=\"og:url\" content=\"https:\/\/yellow-monkeys.fr\/index.php\/evenementiel\/\" \/>\n<meta property=\"og:site_name\" content=\"Yellow Monkeys\" \/>\n<meta property=\"article:modified_time\" content=\"2025-12-15T14:59:13+00:00\" \/>\n<meta name=\"twitter:card\" content=\"summary_large_image\" \/>\n<meta name=\"twitter:label1\" content=\"Est. reading time\" \/>\n\t<meta name=\"twitter:data1\" content=\"2 minutes\" \/>\n<script type=\"application\/ld+json\" class=\"yoast-schema-graph\">{\"@context\":\"https:\/\/schema.org\",\"@graph\":[{\"@type\":\"WebPage\",\"@id\":\"https:\/\/yellow-monkeys.fr\/index.php\/evenementiel\/\",\"url\":\"https:\/\/yellow-monkeys.fr\/index.php\/evenementiel\/\",\"name\":\"Yellow Monkeys - Nos \u00e9v\u00e8nements \u00e0 Salon De Provence\",\"isPartOf\":{\"@id\":\"https:\/\/yellow-monkeys.fr\/#website\"},\"datePublished\":\"2024-12-10T13:15:18+00:00\",\"dateModified\":\"2025-12-15T14:59:13+00:00\",\"description\":\"D\u00e9couvrez nos \u00e9v\u00e9nements : Crash Line, Marathon de Salon, Street Food Fever, Run Your Town. Faire vibrer notre territoire toute l\u2019ann\u00e9e !\",\"breadcrumb\":{\"@id\":\"https:\/\/yellow-monkeys.fr\/index.php\/evenementiel\/#breadcrumb\"},\"inLanguage\":\"en-US\",\"potentialAction\":[{\"@type\":\"ReadAction\",\"target\":[\"https:\/\/yellow-monkeys.fr\/index.php\/evenementiel\/\"]}]},{\"@type\":\"BreadcrumbList\",\"@id\":\"https:\/\/yellow-monkeys.fr\/index.php\/evenementiel\/#breadcrumb\",\"itemListElement\":[{\"@type\":\"ListItem\",\"position\":1,\"name\":\"Accueil\",\"item\":\"https:\/\/yellow-monkeys.fr\/\"},{\"@type\":\"ListItem\",\"position\":2,\"name\":\"NOS \u00c9V\u00c8NEMENTS\"}]},{\"@type\":\"WebSite\",\"@id\":\"https:\/\/yellow-monkeys.fr\/#website\",\"url\":\"https:\/\/yellow-monkeys.fr\/\",\"name\":\"Yellow Monkeys\",\"description\":\"\",\"potentialAction\":[{\"@type\":\"SearchAction\",\"target\":{\"@type\":\"EntryPoint\",\"urlTemplate\":\"https:\/\/yellow-monkeys.fr\/?s={search_term_string}\"},\"query-input\":{\"@type\":\"PropertyValueSpecification\",\"valueRequired\":true,\"valueName\":\"search_term_string\"}}],\"inLanguage\":\"en-US\"}]}<\/script>\n<!-- \/ Yoast SEO plugin. -->","yoast_head_json":{"title":"Yellow Monkeys - Nos \u00e9v\u00e8nements \u00e0 Salon De Provence","description":"D\u00e9couvrez nos \u00e9v\u00e9nements : Crash Line, Marathon de Salon, Street Food Fever, Run Your Town. Faire vibrer notre territoire toute l\u2019ann\u00e9e !","robots":{"index":"index","follow":"follow","max-snippet":"max-snippet:-1","max-image-preview":"max-image-preview:large","max-video-preview":"max-video-preview:-1"},"canonical":"https:\/\/yellow-monkeys.fr\/index.php\/evenementiel\/","og_locale":"en_US","og_type":"article","og_title":"Yellow Monkeys - Nos \u00e9v\u00e8nements \u00e0 Salon De Provence","og_description":"D\u00e9couvrez nos \u00e9v\u00e9nements : Crash Line, Marathon de Salon, Street Food Fever, Run Your Town. Faire vibrer notre territoire toute l\u2019ann\u00e9e !","og_url":"https:\/\/yellow-monkeys.fr\/index.php\/evenementiel\/","og_site_name":"Yellow Monkeys","article_modified_time":"2025-12-15T14:59:13+00:00","twitter_card":"summary_large_image","twitter_misc":{"Est. reading time":"2 minutes"},"schema":{"@context":"https:\/\/schema.org","@graph":[{"@type":"WebPage","@id":"https:\/\/yellow-monkeys.fr\/index.php\/evenementiel\/","url":"https:\/\/yellow-monkeys.fr\/index.php\/evenementiel\/","name":"Yellow Monkeys - Nos \u00e9v\u00e8nements \u00e0 Salon De Provence","isPartOf":{"@id":"https:\/\/yellow-monkeys.fr\/#website"},"datePublished":"2024-12-10T13:15:18+00:00","dateModified":"2025-12-15T14:59:13+00:00","description":"D\u00e9couvrez nos \u00e9v\u00e9nements : Crash Line, Marathon de Salon, Street Food Fever, Run Your Town. Faire vibrer notre territoire toute l\u2019ann\u00e9e !","breadcrumb":{"@id":"https:\/\/yellow-monkeys.fr\/index.php\/evenementiel\/#breadcrumb"},"inLanguage":"en-US","potentialAction":[{"@type":"ReadAction","target":["https:\/\/yellow-monkeys.fr\/index.php\/evenementiel\/"]}]},{"@type":"BreadcrumbList","@id":"https:\/\/yellow-monkeys.fr\/index.php\/evenementiel\/#breadcrumb","itemListElement":[{"@type":"ListItem","position":1,"name":"Accueil","item":"https:\/\/yellow-monkeys.fr\/"},{"@type":"ListItem","position":2,"name":"NOS \u00c9V\u00c8NEMENTS"}]},{"@type":"WebSite","@id":"https:\/\/yellow-monkeys.fr\/#website","url":"https:\/\/yellow-monkeys.fr\/","name":"Yellow Monkeys","description":"","potentialAction":[{"@type":"SearchAction","target":{"@type":"EntryPoint","urlTemplate":"https:\/\/yellow-monkeys.fr\/?s={search_term_string}"},"query-input":{"@type":"PropertyValueSpecification","valueRequired":true,"valueName":"search_term_string"}}],"inLanguage":"en-US"}]}},"_links":{"self":[{"href":"https:\/\/yellow-monkeys.fr\/index.php\/wp-json\/wp\/v2\/pages\/36","targetHints":{"allow":["GET"]}}],"collection":[{"href":"https:\/\/yellow-monkeys.fr\/index.php\/wp-json\/wp\/v2\/pages"}],"about":[{"href":"https:\/\/yellow-monkeys.fr\/index.php\/wp-json\/wp\/v2\/types\/page"}],"author":[{"embeddable":true,"href":"https:\/\/yellow-monkeys.fr\/index.php\/wp-json\/wp\/v2\/users\/1"}],"replies":[{"embeddable":true,"href":"https:\/\/yellow-monkeys.fr\/index.php\/wp-json\/wp\/v2\/comments?post=36"}],"version-history":[{"count":16,"href":"https:\/\/yellow-monkeys.fr\/index.php\/wp-json\/wp\/v2\/pages\/36\/revisions"}],"predecessor-version":[{"id":78593,"href":"https:\/\/yellow-monkeys.fr\/index.php\/wp-json\/wp\/v2\/pages\/36\/revisions\/78593"}],"wp:attachment":[{"href":"https:\/\/yellow-monkeys.fr\/index.php\/wp-json\/wp\/v2\/media?parent=36"}],"curies":[{"name":"wp","href":"https:\/\/api.w.org\/{rel}","templated":true}]}}